{"id":404,"date":"2019-04-04T11:31:12","date_gmt":"2019-04-04T11:31:12","guid":{"rendered":"http:\/\/victorthemes.com\/themes\/windfall\/?page_id=404"},"modified":"2024-03-04T16:01:34","modified_gmt":"2024-03-04T15:01:34","slug":"gallery-with-caption","status":"publish","type":"page","link":"https:\/\/serex.sn\/?page_id=404","title":{"rendered":"R\u00e9alisation de SEREX \u00c9NERGIE"},"content":{"rendered":"\t\t<div data-elementor-type=\"wp-post\" data-elementor-id=\"404\" class=\"elementor elementor-404\">\n\t\t\t\t\t\t<section class=\"elementor-section elementor-top-section elementor-element elementor-element-166b25d elementor-section-full_width elementor-section-height-default elementor-section-height-default\" data-id=\"166b25d\" data-element_type=\"section\" data-e-type=\"section\">\n\t\t\t\t\t\t<div class=\"elementor-container elementor-column-gap-default\">\n\t\t\t\t\t<div class=\"elementor-column elementor-col-100 elementor-top-column elementor-element elementor-element-a15e41d\" data-id=\"a15e41d\" data-element_type=\"column\" data-e-type=\"column\">\n\t\t\t<div class=\"elementor-widget-wrap elementor-element-populated\">\n\t\t\t\t\t\t<div class=\"elementor-element elementor-element-0cae357 elementor-widget elementor-widget-vt-windfall_gallery\" data-id=\"0cae357\" data-element_type=\"widget\" data-e-type=\"widget\" data-settings=\"{&quot;gallery_caption_style&quot;:&quot;with_caption&quot;,&quot;gallery_column&quot;:&quot;Select gallery column&quot;}\" data-widget_type=\"vt-windfall_gallery.default\">\n\t\t\t\t<div class=\"elementor-widget-container\">\n\t\t\t\t\t\r\n        <div class=\"container\">\r\n      <div class=\"masonry-filters  normal-filter\">\r\n        <ul>\r\n          <li><a href=\"javascript:void(0);\" data-style=\"one\" data-limit=\"9\" class=\"active\" data-loader=\"ball-pulse\"  data-caption=\"with\" data-filter=\"*\">Show All<\/a><\/li>\r\n          <li><a href=\"javascript:void(0);\" data-filter=\".commercial-item\" data-limit=\"9\" data-filter=\".commercial-item\" data-caption=\"with\" data-loader=\"ball-pulse\" data-style=\"one\" data-cat=\"commercial\">Commercial<\/a><\/li><li><a href=\"javascript:void(0);\" data-filter=\".industriel-item\" data-limit=\"9\" data-filter=\".industriel-item\" data-caption=\"with\" data-loader=\"ball-pulse\" data-style=\"one\" data-cat=\"industriel\">Industriel<\/a><\/li><li><a href=\"javascript:void(0);\" data-filter=\".residentiel-item\" data-limit=\"9\" data-filter=\".residentiel-item\" data-caption=\"with\" data-loader=\"ball-pulse\" data-style=\"one\" data-cat=\"residentiel\">R\u00e9sidentiel<\/a><\/li>        <\/ul>\r\n      <\/div>\r\n    <\/div>\r\n    \r\n              <div class=\"container\">\r\n        <div class=\"wndfal-masonry Select gallery column\">\r\n      \r\n        <!-- Gallery Start -->\r\n                  <div class=\"masonry-item industriel-item \" data-category=\"industriel-item \">\r\n                          <div class=\"gallery-item\">\r\n                <div class=\"wndfal-image\">\r\n                  <img decoding=\"async\" src=\"https:\/\/serex.sn\/wp-content\/uploads\/2022\/08\/MNU-370x260.jpeg\" alt=\"MAISON DES NATIONS UNIES\">\r\n                  <div class=\"wndfal-popup\">\r\n\t                  <a href=\"https:\/\/serex.sn\/wp-content\/uploads\/2022\/08\/MNU.jpeg\">\r\n\t\t                  <div class=\"gallery-info\">\r\n\t\t                    <div class=\"wndfal-table-wrap\">\r\n\t\t                      <div class=\"wndfal-align-wrap\">\r\n\t\t                          <i class=\"fa fa-search\" aria-hidden=\"true\"><\/i>\r\n\t\t                      <\/div>\r\n\t\t                    <\/div>\r\n\t\t                  <\/div>\r\n\t\t                <\/a>\r\n                  <\/div>\r\n                <\/div>\r\n                                  <h5 class=\"gallery-title\">MAISON DES NATIONS UNIES<\/h5>\r\n                              <\/div>\r\n                      <\/div>\r\n                  <div class=\"masonry-item commercial-item residentiel-item \" data-category=\"commercial-item residentiel-item \">\r\n                          <div class=\"gallery-item\">\r\n                <div class=\"wndfal-image\">\r\n                  <img decoding=\"async\" src=\"https:\/\/serex.sn\/wp-content\/uploads\/2022\/08\/Capture-de\u0301cran-2022-07-28-a\u0300-08.06.40-370x260.png\" alt=\"LES R\u00c9SIDENCES DU PARC\">\r\n                  <div class=\"wndfal-popup\">\r\n\t                  <a href=\"https:\/\/serex.sn\/wp-content\/uploads\/2022\/08\/Capture-de\u0301cran-2022-07-28-a\u0300-08.06.40.png\">\r\n\t\t                  <div class=\"gallery-info\">\r\n\t\t                    <div class=\"wndfal-table-wrap\">\r\n\t\t                      <div class=\"wndfal-align-wrap\">\r\n\t\t                          <i class=\"fa fa-search\" aria-hidden=\"true\"><\/i>\r\n\t\t                      <\/div>\r\n\t\t                    <\/div>\r\n\t\t                  <\/div>\r\n\t\t                <\/a>\r\n                  <\/div>\r\n                <\/div>\r\n                                  <h5 class=\"gallery-title\">LES R\u00c9SIDENCES DU PARC<\/h5>\r\n                              <\/div>\r\n                      <\/div>\r\n                  <div class=\"masonry-item residentiel-item \" data-category=\"residentiel-item \">\r\n                          <div class=\"gallery-item\">\r\n                <div class=\"wndfal-image\">\r\n                  <img decoding=\"async\" src=\"https:\/\/serex.sn\/wp-content\/uploads\/2022\/08\/malikel-370x260.png\" alt=\"MALIKEL\">\r\n                  <div class=\"wndfal-popup\">\r\n\t                  <a href=\"https:\/\/serex.sn\/wp-content\/uploads\/2022\/08\/malikel.png\">\r\n\t\t                  <div class=\"gallery-info\">\r\n\t\t                    <div class=\"wndfal-table-wrap\">\r\n\t\t                      <div class=\"wndfal-align-wrap\">\r\n\t\t                          <i class=\"fa fa-search\" aria-hidden=\"true\"><\/i>\r\n\t\t                      <\/div>\r\n\t\t                    <\/div>\r\n\t\t                  <\/div>\r\n\t\t                <\/a>\r\n                  <\/div>\r\n                <\/div>\r\n                                  <h5 class=\"gallery-title\">MALIKEL<\/h5>\r\n                              <\/div>\r\n                      <\/div>\r\n                  <div class=\"masonry-item industriel-item residentiel-item \" data-category=\"industriel-item residentiel-item \">\r\n                          <div class=\"gallery-item\">\r\n                <div class=\"wndfal-image\">\r\n                  <img decoding=\"async\" src=\"https:\/\/serex.sn\/wp-content\/uploads\/2019\/04\/PHOTO-2021-03-25-22-20-23-11-370x260.jpg\" alt=\"SCL Mbour\">\r\n                  <div class=\"wndfal-popup\">\r\n\t                  <a href=\"https:\/\/serex.sn\/wp-content\/uploads\/2019\/04\/PHOTO-2021-03-25-22-20-23-11.jpg\">\r\n\t\t                  <div class=\"gallery-info\">\r\n\t\t                    <div class=\"wndfal-table-wrap\">\r\n\t\t                      <div class=\"wndfal-align-wrap\">\r\n\t\t                          <i class=\"fa fa-search\" aria-hidden=\"true\"><\/i>\r\n\t\t                      <\/div>\r\n\t\t                    <\/div>\r\n\t\t                  <\/div>\r\n\t\t                <\/a>\r\n                  <\/div>\r\n                <\/div>\r\n                                  <h5 class=\"gallery-title\">SCL Mbour<\/h5>\r\n                              <\/div>\r\n                      <\/div>\r\n                  <div class=\"masonry-item industriel-item residentiel-item \" data-category=\"industriel-item residentiel-item \">\r\n                          <div class=\"gallery-item\">\r\n                <div class=\"wndfal-image\">\r\n                  <img decoding=\"async\" src=\"https:\/\/serex.sn\/wp-content\/uploads\/2019\/04\/PHOTO-2021-03-22-21-31-13-370x260.jpg\" alt=\"Teyliom Diamniadio\">\r\n                  <div class=\"wndfal-popup\">\r\n\t                  <a href=\"https:\/\/serex.sn\/wp-content\/uploads\/2019\/04\/PHOTO-2021-03-22-21-31-13.jpg\">\r\n\t\t                  <div class=\"gallery-info\">\r\n\t\t                    <div class=\"wndfal-table-wrap\">\r\n\t\t                      <div class=\"wndfal-align-wrap\">\r\n\t\t                          <i class=\"fa fa-search\" aria-hidden=\"true\"><\/i>\r\n\t\t                      <\/div>\r\n\t\t                    <\/div>\r\n\t\t                  <\/div>\r\n\t\t                <\/a>\r\n                  <\/div>\r\n                <\/div>\r\n                                  <h5 class=\"gallery-title\">Teyliom Diamniadio<\/h5>\r\n                              <\/div>\r\n                      <\/div>\r\n                  <div class=\"masonry-item commercial-item residentiel-item \" data-category=\"commercial-item residentiel-item \">\r\n                          <div class=\"gallery-item\">\r\n                <div class=\"wndfal-image\">\r\n                  <img decoding=\"async\" src=\"https:\/\/serex.sn\/wp-content\/themes\/windfall\/assets\/images\/holders\/370x260.png\" alt=\"Immeuble ILLAM\">\r\n                  <div class=\"wndfal-popup\">\r\n\t                  <a href=\"https:\/\/serex.sn\/wp-content\/uploads\/2019\/04\/illqm1.png\">\r\n\t\t                  <div class=\"gallery-info\">\r\n\t\t                    <div class=\"wndfal-table-wrap\">\r\n\t\t                      <div class=\"wndfal-align-wrap\">\r\n\t\t                          <i class=\"fa fa-search\" aria-hidden=\"true\"><\/i>\r\n\t\t                      <\/div>\r\n\t\t                    <\/div>\r\n\t\t                  <\/div>\r\n\t\t                <\/a>\r\n                  <\/div>\r\n                <\/div>\r\n                                  <h5 class=\"gallery-title\">Immeuble ILLAM<\/h5>\r\n                              <\/div>\r\n                      <\/div>\r\n                  <div class=\"masonry-item commercial-item industriel-item \" data-category=\"commercial-item industriel-item \">\r\n                          <div class=\"gallery-item\">\r\n                <div class=\"wndfal-image\">\r\n                  <img decoding=\"async\" src=\"https:\/\/serex.sn\/wp-content\/uploads\/2019\/04\/15d15e33-6dbe-443a-964c-1864c6b08933-370x260.jpg\" alt=\"A\u00e9roport Blaise Diagne\">\r\n                  <div class=\"wndfal-popup\">\r\n\t                  <a href=\"https:\/\/serex.sn\/wp-content\/uploads\/2019\/04\/15d15e33-6dbe-443a-964c-1864c6b08933.jpg\">\r\n\t\t                  <div class=\"gallery-info\">\r\n\t\t                    <div class=\"wndfal-table-wrap\">\r\n\t\t                      <div class=\"wndfal-align-wrap\">\r\n\t\t                          <i class=\"fa fa-search\" aria-hidden=\"true\"><\/i>\r\n\t\t                      <\/div>\r\n\t\t                    <\/div>\r\n\t\t                  <\/div>\r\n\t\t                <\/a>\r\n                  <\/div>\r\n                <\/div>\r\n                                  <h5 class=\"gallery-title\">A\u00e9roport Blaise Diagne<\/h5>\r\n                              <\/div>\r\n                      <\/div>\r\n                  <div class=\"masonry-item commercial-item residentiel-item \" data-category=\"commercial-item residentiel-item \">\r\n                          <div class=\"gallery-item\">\r\n                <div class=\"wndfal-image\">\r\n                  <img decoding=\"async\" src=\"https:\/\/serex.sn\/wp-content\/uploads\/2019\/04\/PHOTO-2021-03-29-12-59-23-370x260.jpg\" alt=\"R\u00e9habilitation Hotel Palm Beach \u00e0 Mbour\">\r\n                  <div class=\"wndfal-popup\">\r\n\t                  <a href=\"https:\/\/serex.sn\/wp-content\/uploads\/2019\/04\/PHOTO-2021-03-29-12-59-23.jpg\">\r\n\t\t                  <div class=\"gallery-info\">\r\n\t\t                    <div class=\"wndfal-table-wrap\">\r\n\t\t                      <div class=\"wndfal-align-wrap\">\r\n\t\t                          <i class=\"fa fa-search\" aria-hidden=\"true\"><\/i>\r\n\t\t                      <\/div>\r\n\t\t                    <\/div>\r\n\t\t                  <\/div>\r\n\t\t                <\/a>\r\n                  <\/div>\r\n                <\/div>\r\n                                  <h5 class=\"gallery-title\">R\u00e9habilitation Hotel Palm Beach \u00e0 Mbour<\/h5>\r\n                              <\/div>\r\n                      <\/div>\r\n              \r\n       <\/div>\r\n       <\/div>\r\n    \t\t\t\t<\/div>\n\t\t\t\t<\/div>\n\t\t\t\t\t<\/div>\n\t\t<\/div>\n\t\t\t\t\t<\/div>\n\t\t<\/section>\n\t\t\t\t<\/div>\n\t\t","protected":false},"excerpt":{"rendered":"Show All Commercial Industriel R\u00e9sidentiel MAISON DES NATIONS UNIES LES R\u00c9SIDENCES DU PARC MALIKEL SCL Mbour Teyliom Diamniadio Immeuble ILLAM A\u00e9roport Blaise Diagne R\u00e9habilitation Hotel Palm Beach \u00e0 Mbour","protected":false},"author":3,"featured_media":0,"parent":0,"menu_order":0,"comment_status":"closed","ping_status":"closed","template":"","meta":{"footnotes":""},"class_list":["post-404","page","type-page","status-publish","hentry"],"_links":{"self":[{"href":"https:\/\/serex.sn\/index.php?rest_route=\/wp\/v2\/pages\/404","targetHints":{"allow":["GET"]}}],"collection":[{"href":"https:\/\/serex.sn\/index.php?rest_route=\/wp\/v2\/pages"}],"about":[{"href":"https:\/\/serex.sn\/index.php?rest_route=\/wp\/v2\/types\/page"}],"author":[{"embeddable":true,"href":"https:\/\/serex.sn\/index.php?rest_route=\/wp\/v2\/users\/3"}],"replies":[{"embeddable":true,"href":"https:\/\/serex.sn\/index.php?rest_route=%2Fwp%2Fv2%2Fcomments&post=404"}],"version-history":[{"count":8,"href":"https:\/\/serex.sn\/index.php?rest_route=\/wp\/v2\/pages\/404\/revisions"}],"predecessor-version":[{"id":1916,"href":"https:\/\/serex.sn\/index.php?rest_route=\/wp\/v2\/pages\/404\/revisions\/1916"}],"wp:attachment":[{"href":"https:\/\/serex.sn\/index.php?rest_route=%2Fwp%2Fv2%2Fmedia&parent=404"}],"curies":[{"name":"wp","href":"https:\/\/api.w.org\/{rel}","templated":true}]}}